{"id":1584,"date":"2017-07-03T17:42:52","date_gmt":"2017-07-03T15:42:52","guid":{"rendered":"https:\/\/www.italmanometri.com\/azienda-produzione-manometri-cavriago\/"},"modified":"2020-01-24T12:46:55","modified_gmt":"2020-01-24T11:46:55","slug":"azienda-produzione-manometri-cavriago","status":"publish","type":"page","link":"https:\/\/www.italmanometri.com\/de\/azienda-produzione-manometri-cavriago\/","title":{"rendered":"Unternehmen"},"content":{"rendered":"<div id=\"pl-1584\"  class=\"panel-layout\" ><div id=\"pg-1584-0\"  class=\"panel-grid panel-no-style\" ><div id=\"pgc-1584-0-0\"  class=\"panel-grid-cell\" ><div id=\"panel-1584-0-0-0\" class=\"so-panel widget widget_sow-editor panel-first-child panel-last-child\" data-index=\"0\" ><div\n\t\t\t\n\t\t\tclass=\"so-widget-sow-editor so-widget-sow-editor-base\"\n\t\t\t\n\t\t>\n<div class=\"siteorigin-widget-tinymce textwidget\">\n\t<p class=\"testo\">Italmanometri wurde 1967 in der Provinz Reggio Emilia gegr\u00fcndet, um Manometer zu produzieren. Manelli legte eine eigene Marke an, um die Produkte zu identifizieren und sie von anderen zu unterscheiden. Die Marke entspricht den Initialen G und M, die durch einen Manometerzeiger verbunden werden. Heute wird die Marke benutzt, um die Italmanometri-Produkte in ganz Europa und au\u00dferhalb Europas zu kennzeichnen.<\/p>\n<p class=\"testo\">Das Aush\u00e4ngeschild des Sortiments ist das patentierte Manometer M.V.R.\/63 (beschr\u00e4nkter Zeigerausschlag). Dieses hat die Probleme der gro\u00dfen Pumpenhersteller mit dem Bruch der traditionellen Rohrfeder-Manometer aufgrund des Drucksto\u00dfes gel\u00f6st, den die Pumpe w\u00e4hrend des Betriebs verursacht.<\/p>\n<p class=\"testo\">Die geniale Idee von Manelli entstand dank der Synergie seiner Mitarbeiter, allesamt Meister auf diesem Gebiet, die das traditionelle Manometer revolutionierten und so das Manometer MVR entwickelten. Anstelle der Bourdon-Rohrfeder wird hier eine Drahtfeder eingesetzt, die proportional zum erforderlichen Druck arbeitet und mit Membransystem hergestellt wird. Das bedeutet, dass der Druck die Membran dr\u00fcckt, die wiederum den Kolben dr\u00fcckt, der den Zeiger bewegt, wodurch der Zeiger einen Ausschlag bis zu 110 Grad machen kann.<\/p>\n<p class=\"testo\">1968 und 1969 entwickelte Italmanometri von Manelli ein weiteres Manometer, M.V.A. genannt, das sich dadurch auszeichnet, dass der Zeiger einen Ausschlag bis zu 270 Grad machen kann und damit die Pr\u00e4zision erm\u00f6glicht, die f\u00fcr das Spr\u00fchen und die Unkrautvernichtung mit der chemischen Keule unerl\u00e4sslich ist.<\/p>\n<p class=\"testo\">Zu dieser Zeit patentierte Manelli auch den Handgaszug aus dem Werkstoff Zamak. 1970 begann Italmanometri die Zusammenarbeit mit der franz\u00f6sischen Firma \u201eLa juste pression\u201c und erweiterte die Produktpalette der Manometer. Gleichzeitig wurde die Firma Nuova Italmanometri von Marisa Conti gegr\u00fcndet.<\/p>\n<p class=\"testo\">Im Jahr 1975 wurden alle Zamak-Produkte aus Nylon hergestellt und deckten 90% des nationalen Bedarfs ab. 1976 stellte Nuova Italmanometri, die immer Wert auf die Entwicklung neuer Produkte legt, ein neues Manometer mit schwingungd\u00e4mpfender Glyzerin\u00f6lf\u00fcllung und Spezialfeder her, das noch heute in Gebrauch ist.<\/p>\n<p class=\"testo\">In den 80er Jahren entstand die Firma Italmanometri srl. Die Mehrheit geh\u00f6rte den Gr\u00fcndern Manelli und Conti, aber es gab auch eine wertvolle Beteiligung von Gesellschaftern, die noch immer bei Entwicklung, Forschung, Kreation und Verkauf von Manometern in der ganzen Welt mitarbeiten. Dabei entstehen Pr\u00e4zisionsprodukte, Thermometer, elektrische Manometer, Spezial- und Kontrollmanometer. Italmanometri srl arbeitet heute in einer Perspektive der Globalisierung der M\u00e4rkte mit Herstellern in Europa, Taiwan und China zusammen.<\/p>\n<\/div>\n<\/div><\/div><\/div><\/div><div id=\"pg-1584-1\"  class=\"panel-grid panel-no-style\" ><div id=\"pgc-1584-1-0\"  class=\"panel-grid-cell\" ><div id=\"panel-1584-1-0-0\" class=\"so-panel widget widget_sow-image panel-first-child panel-last-child\" data-index=\"1\" ><div\n\t\t\t\n\t\t\tclass=\"so-widget-sow-image so-widget-sow-image-default-c67d20f9f743-1584\"\n\t\t\t\n\t\t>\n<div class=\"sow-image-container\">\n\t\t\t<a href=\"\/wp-content\/uploads\/chi6.jpg\"\n\t\t\t\t\t>\n\t\t\t<img \n\tsrc=\"https:\/\/www.italmanometri.com\/wp-content\/uploads\/chi6-188x188.jpg\" width=\"188\" height=\"188\" srcset=\"https:\/\/www.italmanometri.com\/wp-content\/uploads\/chi6-188x188.jpg 188w, https:\/\/www.italmanometri.com\/wp-content\/uploads\/chi6-150x150.jpg 150w\" sizes=\"(max-width: 188px) 100vw, 188px\" alt=\"\" \t\tclass=\"so-widget-image\"\/>\n\t\t\t<\/a><\/div>\n\n<\/div><\/div><\/div><div id=\"pgc-1584-1-1\"  class=\"panel-grid-cell\" ><div id=\"panel-1584-1-1-0\" class=\"so-panel widget widget_sow-image panel-first-child panel-last-child\" data-index=\"2\" ><div\n\t\t\t\n\t\t\tclass=\"so-widget-sow-image so-widget-sow-image-default-c67d20f9f743-1584\"\n\t\t\t\n\t\t>\n<div class=\"sow-image-container\">\n\t\t\t<a href=\"\/wp-content\/uploads\/chi5.jpg\"\n\t\t\t\t\t>\n\t\t\t<img \n\tsrc=\"https:\/\/www.italmanometri.com\/wp-content\/uploads\/chi5-188x188.jpg\" width=\"188\" height=\"188\" srcset=\"https:\/\/www.italmanometri.com\/wp-content\/uploads\/chi5-188x188.jpg 188w, https:\/\/www.italmanometri.com\/wp-content\/uploads\/chi5-150x150.jpg 150w\" sizes=\"(max-width: 188px) 100vw, 188px\" alt=\"\" \t\tclass=\"so-widget-image\"\/>\n\t\t\t<\/a><\/div>\n\n<\/div><\/div><\/div><div id=\"pgc-1584-1-2\"  class=\"panel-grid-cell\" ><div id=\"panel-1584-1-2-0\" class=\"so-panel widget widget_sow-image panel-first-child panel-last-child\" data-index=\"3\" ><div\n\t\t\t\n\t\t\tclass=\"so-widget-sow-image so-widget-sow-image-default-c67d20f9f743-1584\"\n\t\t\t\n\t\t>\n<div class=\"sow-image-container\">\n\t\t\t<a href=\"\/wp-content\/uploads\/chi4.jpg\"\n\t\t\t\t\t>\n\t\t\t<img \n\tsrc=\"https:\/\/www.italmanometri.com\/wp-content\/uploads\/chi4-188x188.jpg\" width=\"188\" height=\"188\" srcset=\"https:\/\/www.italmanometri.com\/wp-content\/uploads\/chi4-188x188.jpg 188w, https:\/\/www.italmanometri.com\/wp-content\/uploads\/chi4-150x150.jpg 150w\" sizes=\"(max-width: 188px) 100vw, 188px\" alt=\"\" \t\tclass=\"so-widget-image\"\/>\n\t\t\t<\/a><\/div>\n\n<\/div><\/div><\/div><div id=\"pgc-1584-1-3\"  class=\"panel-grid-cell\" ><div id=\"panel-1584-1-3-0\" class=\"so-panel widget widget_sow-image panel-first-child panel-last-child\" data-index=\"4\" ><div\n\t\t\t\n\t\t\tclass=\"so-widget-sow-image so-widget-sow-image-default-c67d20f9f743-1584\"\n\t\t\t\n\t\t>\n<div class=\"sow-image-container\">\n\t\t\t<a href=\"\/wp-content\/uploads\/chi3.jpg\"\n\t\t\t\t\t>\n\t\t\t<img \n\tsrc=\"https:\/\/www.italmanometri.com\/wp-content\/uploads\/chi3-188x188.jpg\" width=\"188\" height=\"188\" srcset=\"https:\/\/www.italmanometri.com\/wp-content\/uploads\/chi3-188x188.jpg 188w, https:\/\/www.italmanometri.com\/wp-content\/uploads\/chi3-150x150.jpg 150w\" sizes=\"(max-width: 188px) 100vw, 188px\" alt=\"\" \t\tclass=\"so-widget-image\"\/>\n\t\t\t<\/a><\/div>\n\n<\/div><\/div><\/div><div id=\"pgc-1584-1-4\"  class=\"panel-grid-cell\" ><div id=\"panel-1584-1-4-0\" class=\"so-panel widget widget_sow-image panel-first-child panel-last-child\" data-index=\"5\" ><div\n\t\t\t\n\t\t\tclass=\"so-widget-sow-image so-widget-sow-image-default-c67d20f9f743-1584\"\n\t\t\t\n\t\t>\n<div class=\"sow-image-container\">\n\t\t\t<a href=\"\/wp-content\/uploads\/chi2.jpg\"\n\t\t\t\t\t>\n\t\t\t<img \n\tsrc=\"https:\/\/www.italmanometri.com\/wp-content\/uploads\/chi2-188x188.jpg\" width=\"188\" height=\"188\" srcset=\"https:\/\/www.italmanometri.com\/wp-content\/uploads\/chi2-188x188.jpg 188w, https:\/\/www.italmanometri.com\/wp-content\/uploads\/chi2-150x150.jpg 150w\" sizes=\"(max-width: 188px) 100vw, 188px\" alt=\"\" \t\tclass=\"so-widget-image\"\/>\n\t\t\t<\/a><\/div>\n\n<\/div><\/div><\/div><div id=\"pgc-1584-1-5\"  class=\"panel-grid-cell\" ><div id=\"panel-1584-1-5-0\" class=\"so-panel widget widget_sow-image panel-first-child panel-last-child\" data-index=\"6\" ><div\n\t\t\t\n\t\t\tclass=\"so-widget-sow-image so-widget-sow-image-default-c67d20f9f743-1584\"\n\t\t\t\n\t\t>\n<div class=\"sow-image-container\">\n\t\t\t<a href=\"\/wp-content\/uploads\/chi1.jpg\"\n\t\t\t\t\t>\n\t\t\t<img \n\tsrc=\"https:\/\/www.italmanometri.com\/wp-content\/uploads\/chi1-188x188.jpg\" width=\"188\" height=\"188\" srcset=\"https:\/\/www.italmanometri.com\/wp-content\/uploads\/chi1-188x188.jpg 188w, https:\/\/www.italmanometri.com\/wp-content\/uploads\/chi1-150x150.jpg 150w\" sizes=\"(max-width: 188px) 100vw, 188px\" alt=\"\" \t\tclass=\"so-widget-image\"\/>\n\t\t\t<\/a><\/div>\n\n<\/div><\/div><\/div><\/div><\/div>","protected":false},"excerpt":{"rendered":"<p>Italmanometri wurde 1967 in der Provinz Reggio Emilia gegr\u00fcndet, um Manometer zu produzieren. Manelli legte eine eigene Marke an, um die Produkte zu identifizieren und sie von anderen zu unterscheiden. Die Marke entspricht den Initialen G und M, die durch einen Manometerzeiger verbunden werden. Heute wird die Marke benutzt, um die Italmanometri-Produkte in ganz Europa [&hellip;]<\/p>\n","protected":false},"author":2,"featured_media":0,"parent":0,"menu_order":8,"comment_status":"closed","ping_status":"closed","template":"","meta":{"_genesis_hide_title":false,"_genesis_hide_breadcrumbs":false,"_genesis_hide_singular_image":false,"_genesis_hide_footer_widgets":false,"_genesis_custom_body_class":"","_genesis_custom_post_class":"","_genesis_layout":"full-width-content","footnotes":"","_links_to":"","_links_to_target":""},"class_list":{"0":"post-1584","1":"page","2":"type-page","3":"status-publish","5":"entry","6":"gs-1","7":"gs-odd","8":"gs-even","9":"gs-featured-content-entry"},"yoast_head":"<!-- This site is optimized with the Yoast SEO plugin v27.3 - https:\/\/yoast.com\/product\/yoast-seo-wordpress\/ -->\n<title>Unternehmen - Italmanometri<\/title>\n<meta name=\"description\" content=\"Italmanometri srl, effettua sviluppo, ricerca, creazione e vendita di manometri in tutto il mondo procurando prodotti di precisione, termometri, manometri elettrici, manometri speciali, di controllo. Collabora con produttori in Italia, Spagna, Francia, Taiwan e Cina.\" \/>\n<meta name=\"robots\" content=\"index, follow, max-snippet:-1, max-image-preview:large, max-video-preview:-1\" \/>\n<link rel=\"canonical\" href=\"https:\/\/www.italmanometri.com\/de\/azienda-produzione-manometri-cavriago\/\" \/>\n<meta property=\"og:locale\" content=\"de_DE\" \/>\n<meta property=\"og:type\" content=\"article\" \/>\n<meta property=\"og:title\" content=\"Unternehmen - Italmanometri\" \/>\n<meta property=\"og:description\" content=\"Italmanometri srl, effettua sviluppo, ricerca, creazione e vendita di manometri in tutto il mondo procurando prodotti di precisione, termometri, manometri elettrici, manometri speciali, di controllo. Collabora con produttori in Italia, Spagna, Francia, Taiwan e Cina.\" \/>\n<meta property=\"og:url\" content=\"https:\/\/www.italmanometri.com\/de\/azienda-produzione-manometri-cavriago\/\" \/>\n<meta property=\"og:site_name\" content=\"Italmanometri\" \/>\n<meta property=\"article:modified_time\" content=\"2020-01-24T11:46:55+00:00\" \/>\n<meta name=\"twitter:card\" content=\"summary_large_image\" \/>\n<meta name=\"twitter:label1\" content=\"Gesch\u00e4tzte Lesezeit\" \/>\n\t<meta name=\"twitter:data1\" content=\"2\u00a0Minuten\" \/>\n<script type=\"application\/ld+json\" class=\"yoast-schema-graph\">{\"@context\":\"https:\\\/\\\/schema.org\",\"@graph\":[{\"@type\":\"WebPage\",\"@id\":\"https:\\\/\\\/www.italmanometri.com\\\/de\\\/azienda-produzione-manometri-cavriago\\\/\",\"url\":\"https:\\\/\\\/www.italmanometri.com\\\/de\\\/azienda-produzione-manometri-cavriago\\\/\",\"name\":\"Unternehmen - Italmanometri\",\"isPartOf\":{\"@id\":\"https:\\\/\\\/www.italmanometri.com\\\/#website\"},\"datePublished\":\"2017-07-03T15:42:52+00:00\",\"dateModified\":\"2020-01-24T11:46:55+00:00\",\"description\":\"Italmanometri srl, effettua sviluppo, ricerca, creazione e vendita di manometri in tutto il mondo procurando prodotti di precisione, termometri, manometri elettrici, manometri speciali, di controllo. Collabora con produttori in Italia, Spagna, Francia, Taiwan e Cina.\",\"breadcrumb\":{\"@id\":\"https:\\\/\\\/www.italmanometri.com\\\/de\\\/azienda-produzione-manometri-cavriago\\\/#breadcrumb\"},\"inLanguage\":\"de\",\"potentialAction\":[{\"@type\":\"ReadAction\",\"target\":[\"https:\\\/\\\/www.italmanometri.com\\\/de\\\/azienda-produzione-manometri-cavriago\\\/\"]}]},{\"@type\":\"BreadcrumbList\",\"@id\":\"https:\\\/\\\/www.italmanometri.com\\\/de\\\/azienda-produzione-manometri-cavriago\\\/#breadcrumb\",\"itemListElement\":[{\"@type\":\"ListItem\",\"position\":1,\"name\":\"Home\",\"item\":\"https:\\\/\\\/www.italmanometri.com\\\/\"},{\"@type\":\"ListItem\",\"position\":2,\"name\":\"Unternehmen\"}]},{\"@type\":\"WebSite\",\"@id\":\"https:\\\/\\\/www.italmanometri.com\\\/#website\",\"url\":\"https:\\\/\\\/www.italmanometri.com\\\/\",\"name\":\"Italmanometri\",\"description\":\"Manometri, termometri, trasduttori e strumentazione Made in Italy\",\"publisher\":{\"@id\":\"https:\\\/\\\/www.italmanometri.com\\\/#organization\"},\"potentialAction\":[{\"@type\":\"SearchAction\",\"target\":{\"@type\":\"EntryPoint\",\"urlTemplate\":\"https:\\\/\\\/www.italmanometri.com\\\/?s={search_term_string}\"},\"query-input\":{\"@type\":\"PropertyValueSpecification\",\"valueRequired\":true,\"valueName\":\"search_term_string\"}}],\"inLanguage\":\"de\"},{\"@type\":\"Organization\",\"@id\":\"https:\\\/\\\/www.italmanometri.com\\\/#organization\",\"name\":\"Italmanometri\",\"url\":\"https:\\\/\\\/www.italmanometri.com\\\/\",\"logo\":{\"@type\":\"ImageObject\",\"inLanguage\":\"de\",\"@id\":\"https:\\\/\\\/www.italmanometri.com\\\/#\\\/schema\\\/logo\\\/image\\\/\",\"url\":\"https:\\\/\\\/www.italmanometri.com\\\/wp-content\\\/uploads\\\/logo-italmanometri.png\",\"contentUrl\":\"https:\\\/\\\/www.italmanometri.com\\\/wp-content\\\/uploads\\\/logo-italmanometri.png\",\"width\":100,\"height\":100,\"caption\":\"Italmanometri\"},\"image\":{\"@id\":\"https:\\\/\\\/www.italmanometri.com\\\/#\\\/schema\\\/logo\\\/image\\\/\"}}]}<\/script>\n<!-- \/ Yoast SEO plugin. -->","yoast_head_json":{"title":"Unternehmen - Italmanometri","description":"Italmanometri srl, effettua sviluppo, ricerca, creazione e vendita di manometri in tutto il mondo procurando prodotti di precisione, termometri, manometri elettrici, manometri speciali, di controllo. Collabora con produttori in Italia, Spagna, Francia, Taiwan e Cina.","robots":{"index":"index","follow":"follow","max-snippet":"max-snippet:-1","max-image-preview":"max-image-preview:large","max-video-preview":"max-video-preview:-1"},"canonical":"https:\/\/www.italmanometri.com\/de\/azienda-produzione-manometri-cavriago\/","og_locale":"de_DE","og_type":"article","og_title":"Unternehmen - Italmanometri","og_description":"Italmanometri srl, effettua sviluppo, ricerca, creazione e vendita di manometri in tutto il mondo procurando prodotti di precisione, termometri, manometri elettrici, manometri speciali, di controllo. Collabora con produttori in Italia, Spagna, Francia, Taiwan e Cina.","og_url":"https:\/\/www.italmanometri.com\/de\/azienda-produzione-manometri-cavriago\/","og_site_name":"Italmanometri","article_modified_time":"2020-01-24T11:46:55+00:00","twitter_card":"summary_large_image","twitter_misc":{"Gesch\u00e4tzte Lesezeit":"2\u00a0Minuten"},"schema":{"@context":"https:\/\/schema.org","@graph":[{"@type":"WebPage","@id":"https:\/\/www.italmanometri.com\/de\/azienda-produzione-manometri-cavriago\/","url":"https:\/\/www.italmanometri.com\/de\/azienda-produzione-manometri-cavriago\/","name":"Unternehmen - Italmanometri","isPartOf":{"@id":"https:\/\/www.italmanometri.com\/#website"},"datePublished":"2017-07-03T15:42:52+00:00","dateModified":"2020-01-24T11:46:55+00:00","description":"Italmanometri srl, effettua sviluppo, ricerca, creazione e vendita di manometri in tutto il mondo procurando prodotti di precisione, termometri, manometri elettrici, manometri speciali, di controllo. Collabora con produttori in Italia, Spagna, Francia, Taiwan e Cina.","breadcrumb":{"@id":"https:\/\/www.italmanometri.com\/de\/azienda-produzione-manometri-cavriago\/#breadcrumb"},"inLanguage":"de","potentialAction":[{"@type":"ReadAction","target":["https:\/\/www.italmanometri.com\/de\/azienda-produzione-manometri-cavriago\/"]}]},{"@type":"BreadcrumbList","@id":"https:\/\/www.italmanometri.com\/de\/azienda-produzione-manometri-cavriago\/#breadcrumb","itemListElement":[{"@type":"ListItem","position":1,"name":"Home","item":"https:\/\/www.italmanometri.com\/"},{"@type":"ListItem","position":2,"name":"Unternehmen"}]},{"@type":"WebSite","@id":"https:\/\/www.italmanometri.com\/#website","url":"https:\/\/www.italmanometri.com\/","name":"Italmanometri","description":"Manometri, termometri, trasduttori e strumentazione Made in Italy","publisher":{"@id":"https:\/\/www.italmanometri.com\/#organization"},"potentialAction":[{"@type":"SearchAction","target":{"@type":"EntryPoint","urlTemplate":"https:\/\/www.italmanometri.com\/?s={search_term_string}"},"query-input":{"@type":"PropertyValueSpecification","valueRequired":true,"valueName":"search_term_string"}}],"inLanguage":"de"},{"@type":"Organization","@id":"https:\/\/www.italmanometri.com\/#organization","name":"Italmanometri","url":"https:\/\/www.italmanometri.com\/","logo":{"@type":"ImageObject","inLanguage":"de","@id":"https:\/\/www.italmanometri.com\/#\/schema\/logo\/image\/","url":"https:\/\/www.italmanometri.com\/wp-content\/uploads\/logo-italmanometri.png","contentUrl":"https:\/\/www.italmanometri.com\/wp-content\/uploads\/logo-italmanometri.png","width":100,"height":100,"caption":"Italmanometri"},"image":{"@id":"https:\/\/www.italmanometri.com\/#\/schema\/logo\/image\/"}}]}},"_links":{"self":[{"href":"https:\/\/www.italmanometri.com\/de\/wp-json\/wp\/v2\/pages\/1584","targetHints":{"allow":["GET"]}}],"collection":[{"href":"https:\/\/www.italmanometri.com\/de\/wp-json\/wp\/v2\/pages"}],"about":[{"href":"https:\/\/www.italmanometri.com\/de\/wp-json\/wp\/v2\/types\/page"}],"author":[{"embeddable":true,"href":"https:\/\/www.italmanometri.com\/de\/wp-json\/wp\/v2\/users\/2"}],"replies":[{"embeddable":true,"href":"https:\/\/www.italmanometri.com\/de\/wp-json\/wp\/v2\/comments?post=1584"}],"version-history":[{"count":3,"href":"https:\/\/www.italmanometri.com\/de\/wp-json\/wp\/v2\/pages\/1584\/revisions"}],"predecessor-version":[{"id":1630,"href":"https:\/\/www.italmanometri.com\/de\/wp-json\/wp\/v2\/pages\/1584\/revisions\/1630"}],"wp:attachment":[{"href":"https:\/\/www.italmanometri.com\/de\/wp-json\/wp\/v2\/media?parent=1584"}],"curies":[{"name":"wp","href":"https:\/\/api.w.org\/{rel}","templated":true}]}}