{"id":1609,"date":"2017-12-06T23:08:30","date_gmt":"2017-12-06T22:08:30","guid":{"rendered":"https:\/\/www.italmanometri.com\/misurazione-della-pressione\/"},"modified":"2020-01-23T17:19:48","modified_gmt":"2020-01-23T16:19:48","slug":"misurazione-della-pressione","status":"publish","type":"page","link":"https:\/\/www.italmanometri.com\/de\/misurazione-della-pressione\/","title":{"rendered":"Druckmessung"},"content":{"rendered":"<p>Es gibt vier Arten der Druckmessung:<br \/>\n<strong>Messung des absoluten Drucks<\/strong>: Die Messung erfolgt auf der Basis des Absolutdrucks, z.B. des Luftdrucks.<br \/>\n<strong>Messung des Relativ- oder tats\u00e4chlichen Drucks<\/strong>: Die Messungen erfolgen auf der Basis des Umgebungsdrucks, in der Regel des Luftdrucks.<br \/>\n<strong>Differenzdruckmessung<\/strong>: Differenz zwischen zwei Dr\u00fccken.<br \/>\n<strong>Vakuumdruckmessung<\/strong>: Umgebungsdruck, in der Regel handelt es sich um den Luftdruck.<br \/>\nDruckmessungen k\u00f6nnen nach ihrem zeitlichen Verhalten unterschieden werden:<br \/>\nStatischer oder nahezu statischer Druck, der sich nur langsam mit der Zeit \u00e4ndert. Beispiele hierf\u00fcr sind der Luftdruck, F\u00fcllstandsmessungen und bestimmte Dr\u00fccke in Produktionsprozessen wie in der Petrochemie, in der Lebensmittelindustrie und in Papierfabriken.<br \/>\nSchwankender Druck, der zuf\u00e4llig oder zyklisch sein kann. Beispiele sind der Druck im Inneren eines Waffenlaufs, in einer Kunststoff-Spritzgussform, in einem Zylinder eines Verbrennungsmotors usw.<\/p>\n<p><img loading=\"lazy\" decoding=\"async\" class=\"alignnone size-full wp-image-1299\" src=\"https:\/\/www.italmanometri.com\/wp-content\/uploads\/misura1.jpg\" alt=\"\" width=\"1025\" height=\"193\" srcset=\"https:\/\/www.italmanometri.com\/wp-content\/uploads\/misura1.jpg 1025w, https:\/\/www.italmanometri.com\/wp-content\/uploads\/misura1-300x56.jpg 300w, https:\/\/www.italmanometri.com\/wp-content\/uploads\/misura1-768x145.jpg 768w\" sizes=\"auto, (max-width: 1025px) 100vw, 1025px\" \/><\/p>\n<p><strong><img loading=\"lazy\" decoding=\"async\" class=\"alignleft size-full wp-image-1301\" src=\"https:\/\/www.italmanometri.com\/wp-content\/uploads\/misura2.jpg\" alt=\"\" width=\"346\" height=\"242\" srcset=\"https:\/\/www.italmanometri.com\/wp-content\/uploads\/misura2.jpg 346w, https:\/\/www.italmanometri.com\/wp-content\/uploads\/misura2-300x210.jpg 300w\" sizes=\"auto, (max-width: 346px) 100vw, 346px\" \/>MANOMETER<\/strong> &#8211; Mechanisches Ger\u00e4t, das den lokalen Druckwert anzeigt.<\/p>\n<p>1. Bajonettring<br \/>\n2. Sichtscheibe<br \/>\n3. Scheibendichtung<br \/>\n4. Ziffernblatt<br \/>\n5. Bewegung<br \/>\n6. Rohrfeder<br \/>\n7. Geh\u00e4use<br \/>\n8. Ausblasbare Scheibe<br \/>\n9. Prozessanschluss<br \/>\n10. Anschlussdichtung<br \/>\n11. Zeigerwerk<\/p>\n<p>&nbsp;<\/p>\n<p><strong>FUNKTIONSPRINZIP:<\/strong><br \/>\nDie Rohrfeder bewegt sich proportional zum anliegenden Druck, was den Zeiger mittels mechanischer Verst\u00e4rkungsanschl\u00fcsse in Bewegung setzt.<\/p>\n<p><img loading=\"lazy\" decoding=\"async\" class=\"alignleft wp-image-1303 size-full\" src=\"https:\/\/www.italmanometri.com\/wp-content\/uploads\/misura3.jpg\" alt=\"\" width=\"220\" height=\"211\" \/><\/p>\n<p>Bestandteile eines Metallmanometers:<br \/>\nRohrfeder (BOURDON-Feder) mit C-Form<br \/>\nDas Sensorelement besteht aus einem Metallrohr mit verschiedenen Querschnitten mit C-Form. Eine Seite wird am Druckkreislauf angeschlossen und die andere Seite wird verschlossen und kann sich frei bewegen. Wenn das Rohr mit Druck beaufschlagt wird, wird die offene Seite nach au\u00dfen gedr\u00fcckt. (Messbereich von circa 400 mbar bis 60 bar).<br \/>\n*1849 von E. Bourdon patentiert<\/p>\n<p>&nbsp;<\/p>\n<p><strong><img loading=\"lazy\" decoding=\"async\" class=\"alignleft  wp-image-1305\" src=\"https:\/\/www.italmanometri.com\/wp-content\/uploads\/partimanometro.jpg\" alt=\"\" width=\"72\" height=\"378\" \/>Kapselfedern<\/strong>:<br \/>\nDas Sensorelement besteht aus zwei d\u00fcnnen gewellten Membranen, die per Laser miteinander verschwei\u00dft werden. Die so gebildete Kapselfeder wirkt wie ein Hohlraum, der sich bei Druck\u00e4nderungen leicht verformt. Er ist f\u00fcr die Messung sehr niedriger Dr\u00fccke geeignet. (Messbereich von 0 bis circa 600 mbar).<br \/>\n<strong>Schraubenfedern<\/strong>:<br \/>\nDie Spule ist zylindrisch, hat die gleichen Eigenschaften eines Spiralrohres, zeichnet sich aber aufgrund einer besseren Spannungsverteilung durch eine h\u00f6here Erm\u00fcdungsfestigkeit aus. (Messbereich von circa 60 a bis 3000 bar).<br \/>\n<strong>Membranfedern<\/strong>:<br \/>\nDas Sensorelement besteht aus zwei Flanschen, die mit einem flexiblen Zylinder verbunden sind. Der im Inneren der Kammer anliegende Druck bewirkt ihre Verformung im Verh\u00e4ltnis zum gew\u00fcnschten Druck. Sie werden haupts\u00e4chlich in Differenzdruckmanometern und Druckschaltern eingesetzt.<br \/>\n<strong>Schneckenfedern<\/strong>:<br \/>\nDiese verwenden das gleiche Prinzip wie die \u201eC\u201c-f\u00f6rmigen Rohrfeder, aber die Biegung des offenen Rohrteils wird durch die Spiralform verst\u00e4rkt.<br \/>\nSie werden haupts\u00e4chlich in Gasdruckthermometern eingesetzt.<\/p>\n<p>&nbsp;<\/p>\n","protected":false},"excerpt":{"rendered":"<p>Es gibt vier Arten der Druckmessung: Messung des absoluten Drucks: Die Messung erfolgt auf der Basis des Absolutdrucks, z.B. des Luftdrucks. Messung des Relativ- oder tats\u00e4chlichen Drucks: Die Messungen erfolgen auf der Basis des Umgebungsdrucks, in der Regel des Luftdrucks. Differenzdruckmessung: Differenz zwischen zwei Dr\u00fccken. Vakuumdruckmessung: Umgebungsdruck, in der Regel handelt es sich um den [&hellip;]<\/p>\n","protected":false},"author":3,"featured_media":0,"parent":0,"menu_order":25,"comment_status":"closed","ping_status":"closed","template":"","meta":{"_genesis_hide_title":false,"_genesis_hide_breadcrumbs":false,"_genesis_hide_singular_image":false,"_genesis_hide_footer_widgets":false,"_genesis_custom_body_class":"","_genesis_custom_post_class":"","_genesis_layout":"","footnotes":"","_links_to":"","_links_to_target":""},"class_list":{"0":"post-1609","1":"page","2":"type-page","3":"status-publish","5":"entry","6":"gs-1","7":"gs-odd","8":"gs-even","9":"gs-featured-content-entry"},"yoast_head":"<!-- This site is optimized with the Yoast SEO plugin v27.3 - https:\/\/yoast.com\/product\/yoast-seo-wordpress\/ -->\n<title>Druckmessung - Italmanometri<\/title>\n<meta name=\"robots\" content=\"index, follow, max-snippet:-1, max-image-preview:large, max-video-preview:-1\" \/>\n<link rel=\"canonical\" href=\"https:\/\/www.italmanometri.com\/de\/misurazione-della-pressione\/\" \/>\n<meta property=\"og:locale\" content=\"de_DE\" \/>\n<meta property=\"og:type\" content=\"article\" \/>\n<meta property=\"og:title\" content=\"Druckmessung - Italmanometri\" \/>\n<meta property=\"og:description\" content=\"Es gibt vier Arten der Druckmessung: Messung des absoluten Drucks: Die Messung erfolgt auf der Basis des Absolutdrucks, z.B. des Luftdrucks. Messung des Relativ- oder tats\u00e4chlichen Drucks: Die Messungen erfolgen auf der Basis des Umgebungsdrucks, in der Regel des Luftdrucks. Differenzdruckmessung: Differenz zwischen zwei Dr\u00fccken. Vakuumdruckmessung: Umgebungsdruck, in der Regel handelt es sich um den [&hellip;]\" \/>\n<meta property=\"og:url\" content=\"https:\/\/www.italmanometri.com\/de\/misurazione-della-pressione\/\" \/>\n<meta property=\"og:site_name\" content=\"Italmanometri\" \/>\n<meta property=\"article:modified_time\" content=\"2020-01-23T16:19:48+00:00\" \/>\n<meta property=\"og:image\" content=\"https:\/\/www.italmanometri.com\/wp-content\/uploads\/misura1.jpg\" \/>\n<meta name=\"twitter:card\" content=\"summary_large_image\" \/>\n<meta name=\"twitter:label1\" content=\"Gesch\u00e4tzte Lesezeit\" \/>\n\t<meta name=\"twitter:data1\" content=\"2\u00a0Minuten\" \/>\n<script type=\"application\/ld+json\" class=\"yoast-schema-graph\">{\"@context\":\"https:\\\/\\\/schema.org\",\"@graph\":[{\"@type\":\"WebPage\",\"@id\":\"https:\\\/\\\/www.italmanometri.com\\\/de\\\/misurazione-della-pressione\\\/\",\"url\":\"https:\\\/\\\/www.italmanometri.com\\\/de\\\/misurazione-della-pressione\\\/\",\"name\":\"Druckmessung - Italmanometri\",\"isPartOf\":{\"@id\":\"https:\\\/\\\/www.italmanometri.com\\\/#website\"},\"primaryImageOfPage\":{\"@id\":\"https:\\\/\\\/www.italmanometri.com\\\/de\\\/misurazione-della-pressione\\\/#primaryimage\"},\"image\":{\"@id\":\"https:\\\/\\\/www.italmanometri.com\\\/de\\\/misurazione-della-pressione\\\/#primaryimage\"},\"thumbnailUrl\":\"https:\\\/\\\/www.italmanometri.com\\\/wp-content\\\/uploads\\\/misura1.jpg\",\"datePublished\":\"2017-12-06T22:08:30+00:00\",\"dateModified\":\"2020-01-23T16:19:48+00:00\",\"breadcrumb\":{\"@id\":\"https:\\\/\\\/www.italmanometri.com\\\/de\\\/misurazione-della-pressione\\\/#breadcrumb\"},\"inLanguage\":\"de\",\"potentialAction\":[{\"@type\":\"ReadAction\",\"target\":[\"https:\\\/\\\/www.italmanometri.com\\\/de\\\/misurazione-della-pressione\\\/\"]}]},{\"@type\":\"ImageObject\",\"inLanguage\":\"de\",\"@id\":\"https:\\\/\\\/www.italmanometri.com\\\/de\\\/misurazione-della-pressione\\\/#primaryimage\",\"url\":\"https:\\\/\\\/www.italmanometri.com\\\/wp-content\\\/uploads\\\/misura1.jpg\",\"contentUrl\":\"https:\\\/\\\/www.italmanometri.com\\\/wp-content\\\/uploads\\\/misura1.jpg\"},{\"@type\":\"BreadcrumbList\",\"@id\":\"https:\\\/\\\/www.italmanometri.com\\\/de\\\/misurazione-della-pressione\\\/#breadcrumb\",\"itemListElement\":[{\"@type\":\"ListItem\",\"position\":1,\"name\":\"Home\",\"item\":\"https:\\\/\\\/www.italmanometri.com\\\/\"},{\"@type\":\"ListItem\",\"position\":2,\"name\":\"Druckmessung\"}]},{\"@type\":\"WebSite\",\"@id\":\"https:\\\/\\\/www.italmanometri.com\\\/#website\",\"url\":\"https:\\\/\\\/www.italmanometri.com\\\/\",\"name\":\"Italmanometri\",\"description\":\"Manometri, termometri, trasduttori e strumentazione Made in Italy\",\"publisher\":{\"@id\":\"https:\\\/\\\/www.italmanometri.com\\\/#organization\"},\"potentialAction\":[{\"@type\":\"SearchAction\",\"target\":{\"@type\":\"EntryPoint\",\"urlTemplate\":\"https:\\\/\\\/www.italmanometri.com\\\/?s={search_term_string}\"},\"query-input\":{\"@type\":\"PropertyValueSpecification\",\"valueRequired\":true,\"valueName\":\"search_term_string\"}}],\"inLanguage\":\"de\"},{\"@type\":\"Organization\",\"@id\":\"https:\\\/\\\/www.italmanometri.com\\\/#organization\",\"name\":\"Italmanometri\",\"url\":\"https:\\\/\\\/www.italmanometri.com\\\/\",\"logo\":{\"@type\":\"ImageObject\",\"inLanguage\":\"de\",\"@id\":\"https:\\\/\\\/www.italmanometri.com\\\/#\\\/schema\\\/logo\\\/image\\\/\",\"url\":\"https:\\\/\\\/www.italmanometri.com\\\/wp-content\\\/uploads\\\/logo-italmanometri.png\",\"contentUrl\":\"https:\\\/\\\/www.italmanometri.com\\\/wp-content\\\/uploads\\\/logo-italmanometri.png\",\"width\":100,\"height\":100,\"caption\":\"Italmanometri\"},\"image\":{\"@id\":\"https:\\\/\\\/www.italmanometri.com\\\/#\\\/schema\\\/logo\\\/image\\\/\"}}]}<\/script>\n<!-- \/ Yoast SEO plugin. -->","yoast_head_json":{"title":"Druckmessung - Italmanometri","robots":{"index":"index","follow":"follow","max-snippet":"max-snippet:-1","max-image-preview":"max-image-preview:large","max-video-preview":"max-video-preview:-1"},"canonical":"https:\/\/www.italmanometri.com\/de\/misurazione-della-pressione\/","og_locale":"de_DE","og_type":"article","og_title":"Druckmessung - Italmanometri","og_description":"Es gibt vier Arten der Druckmessung: Messung des absoluten Drucks: Die Messung erfolgt auf der Basis des Absolutdrucks, z.B. des Luftdrucks. Messung des Relativ- oder tats\u00e4chlichen Drucks: Die Messungen erfolgen auf der Basis des Umgebungsdrucks, in der Regel des Luftdrucks. Differenzdruckmessung: Differenz zwischen zwei Dr\u00fccken. Vakuumdruckmessung: Umgebungsdruck, in der Regel handelt es sich um den [&hellip;]","og_url":"https:\/\/www.italmanometri.com\/de\/misurazione-della-pressione\/","og_site_name":"Italmanometri","article_modified_time":"2020-01-23T16:19:48+00:00","og_image":[{"url":"https:\/\/www.italmanometri.com\/wp-content\/uploads\/misura1.jpg","type":"","width":"","height":""}],"twitter_card":"summary_large_image","twitter_misc":{"Gesch\u00e4tzte Lesezeit":"2\u00a0Minuten"},"schema":{"@context":"https:\/\/schema.org","@graph":[{"@type":"WebPage","@id":"https:\/\/www.italmanometri.com\/de\/misurazione-della-pressione\/","url":"https:\/\/www.italmanometri.com\/de\/misurazione-della-pressione\/","name":"Druckmessung - Italmanometri","isPartOf":{"@id":"https:\/\/www.italmanometri.com\/#website"},"primaryImageOfPage":{"@id":"https:\/\/www.italmanometri.com\/de\/misurazione-della-pressione\/#primaryimage"},"image":{"@id":"https:\/\/www.italmanometri.com\/de\/misurazione-della-pressione\/#primaryimage"},"thumbnailUrl":"https:\/\/www.italmanometri.com\/wp-content\/uploads\/misura1.jpg","datePublished":"2017-12-06T22:08:30+00:00","dateModified":"2020-01-23T16:19:48+00:00","breadcrumb":{"@id":"https:\/\/www.italmanometri.com\/de\/misurazione-della-pressione\/#breadcrumb"},"inLanguage":"de","potentialAction":[{"@type":"ReadAction","target":["https:\/\/www.italmanometri.com\/de\/misurazione-della-pressione\/"]}]},{"@type":"ImageObject","inLanguage":"de","@id":"https:\/\/www.italmanometri.com\/de\/misurazione-della-pressione\/#primaryimage","url":"https:\/\/www.italmanometri.com\/wp-content\/uploads\/misura1.jpg","contentUrl":"https:\/\/www.italmanometri.com\/wp-content\/uploads\/misura1.jpg"},{"@type":"BreadcrumbList","@id":"https:\/\/www.italmanometri.com\/de\/misurazione-della-pressione\/#breadcrumb","itemListElement":[{"@type":"ListItem","position":1,"name":"Home","item":"https:\/\/www.italmanometri.com\/"},{"@type":"ListItem","position":2,"name":"Druckmessung"}]},{"@type":"WebSite","@id":"https:\/\/www.italmanometri.com\/#website","url":"https:\/\/www.italmanometri.com\/","name":"Italmanometri","description":"Manometri, termometri, trasduttori e strumentazione Made in Italy","publisher":{"@id":"https:\/\/www.italmanometri.com\/#organization"},"potentialAction":[{"@type":"SearchAction","target":{"@type":"EntryPoint","urlTemplate":"https:\/\/www.italmanometri.com\/?s={search_term_string}"},"query-input":{"@type":"PropertyValueSpecification","valueRequired":true,"valueName":"search_term_string"}}],"inLanguage":"de"},{"@type":"Organization","@id":"https:\/\/www.italmanometri.com\/#organization","name":"Italmanometri","url":"https:\/\/www.italmanometri.com\/","logo":{"@type":"ImageObject","inLanguage":"de","@id":"https:\/\/www.italmanometri.com\/#\/schema\/logo\/image\/","url":"https:\/\/www.italmanometri.com\/wp-content\/uploads\/logo-italmanometri.png","contentUrl":"https:\/\/www.italmanometri.com\/wp-content\/uploads\/logo-italmanometri.png","width":100,"height":100,"caption":"Italmanometri"},"image":{"@id":"https:\/\/www.italmanometri.com\/#\/schema\/logo\/image\/"}}]}},"_links":{"self":[{"href":"https:\/\/www.italmanometri.com\/de\/wp-json\/wp\/v2\/pages\/1609","targetHints":{"allow":["GET"]}}],"collection":[{"href":"https:\/\/www.italmanometri.com\/de\/wp-json\/wp\/v2\/pages"}],"about":[{"href":"https:\/\/www.italmanometri.com\/de\/wp-json\/wp\/v2\/types\/page"}],"author":[{"embeddable":true,"href":"https:\/\/www.italmanometri.com\/de\/wp-json\/wp\/v2\/users\/3"}],"replies":[{"embeddable":true,"href":"https:\/\/www.italmanometri.com\/de\/wp-json\/wp\/v2\/comments?post=1609"}],"version-history":[{"count":1,"href":"https:\/\/www.italmanometri.com\/de\/wp-json\/wp\/v2\/pages\/1609\/revisions"}],"predecessor-version":[{"id":1611,"href":"https:\/\/www.italmanometri.com\/de\/wp-json\/wp\/v2\/pages\/1609\/revisions\/1611"}],"wp:attachment":[{"href":"https:\/\/www.italmanometri.com\/de\/wp-json\/wp\/v2\/media?parent=1609"}],"curies":[{"name":"wp","href":"https:\/\/api.w.org\/{rel}","templated":true}]}}